{"id":391,"date":"2019-07-11T08:08:00","date_gmt":"2019-07-11T08:08:00","guid":{"rendered":"http:\/\/fornasieriabbigliamento.it\/ak\/?page_id=391"},"modified":"2019-07-11T08:08:46","modified_gmt":"2019-07-11T08:08:46","slug":"privacy-policy","status":"publish","type":"page","link":"https:\/\/fornasieriabbigliamento.it\/ak\/privacy-policy\/","title":{"rendered":"Privacy Policy"},"content":{"rendered":"\t\t<div data-elementor-type=\"wp-post\" data-elementor-id=\"391\" class=\"elementor elementor-391\">\n\t\t\t\t\t\t<div class=\"elementor-inner\">\n\t\t\t\t<div class=\"elementor-section-wrap\">\n\t\t\t\t\t\t\t\t\t<section class=\"elementor-section elementor-top-section elementor-element elementor-element-45b73fd elementor-section-boxed elementor-section-height-default elementor-section-height-default\" data-id=\"45b73fd\" data-element_type=\"section\">\n\t\t\t\t\t\t<div class=\"elementor-container elementor-column-gap-default\">\n\t\t\t\t\t\t\t<div class=\"elementor-row\">\n\t\t\t\t\t<div class=\"elementor-column elementor-col-100 elementor-top-column elementor-element elementor-element-e4b43e0\" data-id=\"e4b43e0\" data-element_type=\"column\">\n\t\t\t<div class=\"elementor-column-wrap elementor-element-populated\">\n\t\t\t\t\t\t\t<div class=\"elementor-widget-wrap\">\n\t\t\t\t\t\t<div class=\"elementor-element elementor-element-c76c10c elementor-widget elementor-widget-text-editor\" data-id=\"c76c10c\" data-element_type=\"widget\" data-widget_type=\"text-editor.default\">\n\t\t\t\t<div class=\"elementor-widget-container\">\n\t\t\t\t\t\t\t\t<div class=\"elementor-text-editor elementor-clearfix\">\n\t\t\t\t<p><strong>PRIVACY POLICY<\/strong><\/p><p><strong>\u00a0<\/strong><\/p><p><strong>Informativa sul trattamento dei dati personali ai sensi dell\u2019art. 13 e ss. del Regolamento UE 679\/2016 <\/strong><\/p><p>\u00a0<\/p><p>\u00a0<\/p><p><strong>Alfonso Fornasieri,<\/strong> in qualit\u00e0 di Titolare del trattamento (d\u2019ora in avanti anche: \u201c<strong>Titolare<\/strong>\u201d o \u201c<strong>Impresa<\/strong>\u201d) ai sensi del\u00a0Regolamento UE\u00a0679\/2016\u00a0(d\u2019ora in avanti: \u201c<strong>GDPR<\/strong>\u201d) e del D.lgs. 196\/2003 e ss.mm. (d\u2019ora in avanti \u201c<strong>Codice Privacy<\/strong>\u201d) \u2013 La invita, prima di comunicare qualsiasi dato personale al Titolare,\u00a0a\u00a0leggere con attenzione la presente\u00a0Privacy Policy\u00a0perch\u00e9 contiene informazioni importanti sulla tutela dei\u00a0Suoi\u00a0dati personali.<\/p><p>\u00a0<\/p><p>La presente\u00a0Privacy Policy:<\/p><p>\u00a0<\/p><ul><li>si intende resa per il\u00a0sito <a href=\"http:\/\/www.fornasieriabbigliamento.it\">www.fornasieriabbigliamento.it<\/a> (d\u2019ora in avanti:\u00a0\u201c<strong>Sito<\/strong>\u201d), nonch\u00e9 per le richieste, informazioni e servizi che venissero richiesti telefonicamente al numero oppure 011\/727449 o via email all\u2019indirizzo <a href=\"mailto:info@fornasieriabbigliamento.com\">info@fornasieriabbigliamento.com<\/a>;<\/li><li>costituisce parte integrante del Sito e dei servizi che offriamo,<\/li><li>\u00e8\u00a0resa\u00a0ai sensi dell\u2019art. 13\u00a0e ss. del GDPR e del Codice Privacy\u00a0a coloro che interagiscono con i servizi web del Sito o che contattano telefonicamente o a mezzo posta o email l\u2019Impresa.<\/li><\/ul><p>\u00a0<\/p><ul><li>\u2022\u2022<\/li><\/ul><p>\u00a0<\/p><p>Il trattamento dei\u00a0Suoi\u00a0dati\u00a0personali sar\u00e0 improntato ai principi di correttezza, liceit\u00e0, trasparenza, limitazione delle finalit\u00e0 e della conservazione, minimizzazione ed esattezza, integrit\u00e0 e riservatezza, nonch\u00e9 al principio di responsabilizzazione di cui all\u2019art. 5 del GDPR.<\/p><p>I\u00a0Suoi\u00a0dati\u00a0personali verranno pertanto trattati in accordo alle disposizioni legislative del GDPR e degli obblighi di riservatezza ivi previsti nonch\u00e9 quelli del Codice Privacy ad oggi ancora vigenti<\/p><p>\u00a0<\/p><p><strong>Per trattamento di dati personali<\/strong> intendiamo\u00a0qualsiasi operazione o insieme di operazioni, compiute con o senza l&#8217;ausilio di processi automatizzati e applicate a dati personali o insiemi di dati personali, come la raccolta, la registrazione, l&#8217;organizzazione, la strutturazione, la conservazione, l&#8217;adattamento o la modifica, l&#8217;estrazione, la consultazione, l&#8217;uso, la comunicazione mediante trasmissione, diffusione o qualsiasi altra forma di messa a disposizione, il raffronto o l&#8217;interconnessione, la limitazione, la cancellazione o la distruzione, cos\u00ec come definito all\u2019art. 4.2 del GDPR.<\/p><p>\u00a0<\/p><p>La informiamo che i dati personali oggetto di trattamento potranno essere costituiti &#8211; anche a seconda delle\u00a0Sue decisioni su come utilizzare i servizi &#8211; da qualsiasi informazione riguardante la Sua persona idonea a renderla identificata o identificabile, ivi comprese informazioni testuali, immagini fotografiche o video e da qualsiasi altra informazione fornita.<\/p><p>\u00a0<\/p><p><strong><u>INDICE<\/u><\/strong><\/p><p>Di seguito forniamo l\u2019indice della presente Privacy Policy cos\u00ec che\u00a0Lei\u00a0possa facilmente trovare le informazioni inerenti al trattamento dei\u00a0Suoi dati personali che\u00a0La\u00a0interessano.<\/p><ol><li><strong>TITOLARE DEL TRATTAMENTO: CHI SIAMO E COSA FACCIAMO<\/strong><\/li><li><strong> QUALI DATI TRATTIAMO<\/strong><\/li><li><strong> Dati di navigazione<\/strong><\/li><li><strong> Dati forniti volontariamente da\u00a0Lei \u2013 Dati Particolari<\/strong><\/li><li><strong> Dati di terzi forniti volontariamente da Lei<\/strong><\/li><li><strong> Cookie<\/strong><\/li><li><strong> PER QUALE MOTIVO TRATTIAMO I SUOI DATI &#8211; FINALIT\u00c0 DEL TRATTAMENTO<\/strong><\/li><li><strong> BASE LEGALE E NATURA OBBLIGATORIA O\u00a0FACOLTATIVA DEL\u00a0TRATTAMENTO<\/strong><\/li><li><strong> DESTINATARI DEI DATI\u00a0PERSONALI<\/strong><\/li><li><strong> TRASFERIMENTI DI DATI PERSONALI<\/strong><\/li><li><strong> CONSERVAZIONE DEI DATI PERSONALI<\/strong><\/li><li><strong> DIRITTI DELL\u2019INTERESSATO<\/strong><\/li><li><strong>MODIFICHE<\/strong><\/li><li><strong> CONTATTI<\/strong><\/li><\/ol><p>\u00a0<\/p><p><strong>**<\/strong>\u00a0<\/p><ol><li><strong> TITOLARE DEL TRATTAMENTO: CHI SIAMO E COSA FACCIAMO<\/strong><\/li><\/ol><p>Titolare del trattamento \u00e8 Alfonso Fornasieri, in qualit\u00e0 di titolare dell\u2019omonima impresa individuale, P.IVA 07321570017, corrente in Corso Peschiera n. 291\/H, Torino, che si occupa di commercio al dettaglio di abbigliamento.<\/p><p>\u00a0<\/p><ol start=\"2\"><li><strong> QUALI DATI TRATTIAMO<\/strong><\/li><\/ol><p>La informiamo che i dati personali oggetto di trattamento potranno essere costituiti da un identificativo come il nome, un numero di identificazione, dati relativi all&#8217;ubicazione, a un identificativo online o a uno o pi\u00f9 elementi caratteristici della\u00a0Sua identit\u00e0 fisica, fisiologica, genetica, psichica, economica, culturale o sociale idonea a rendere l&#8217;interessato identificato o identificabile, a seconda del tipo di\u00a0servizi richiesti (di seguito solo \u201cdati\u00a0personali\u201d).<\/p><p>\u00a0<\/p><p>I\u00a0dati\u00a0personali trattati attraverso il Sito sono i seguenti:<\/p><p>\u00a0<\/p><ol><li><strong> Dati di navigazione<\/strong><\/li><\/ol><p>I sistemi informatici e le procedure software preposte al funzionamento del Sito acquisiscono, nel corso del loro normale esercizio, alcuni dati personali la cui trasmissione \u00e8 implicita nell&#8217;uso dei protocolli di comunicazione di Internet. Si tratta di informazioni che non sono raccolte per essere associate a interessati identificati, ma che per loro stessa natura potrebbero, attraverso elaborazioni ed associazioni con dati detenuti da terzi, permettere di identificare gli utenti. In questa categoria di dati rientrano gli indirizzi IP o i nomi a dominio dei computer utilizzati dagli utenti che si connettono al Sito, gli indirizzi in notazione URI (Uniform Resource Identifier) delle risorse richieste, l&#8217;orario della richiesta, il metodo utilizzato nel sottoporre la richiesta al server, la dimensione del file ottenuto in risposta, il codice numerico indicante lo stato della risposta data dal server (buon fine, errore, etc.) ed altri parametri relativi al sistema operativo e all&#8217;ambiente informatico dell&#8217;utente. Questi dati vengono utilizzati al solo fine di ricavare eventuali informazioni statistiche anonime sull&#8217;uso del Sito per controllarne il corretto funzionamento,\u00a0per identificare anomalie e\/o abusi,\u00a0e vengono cancellati immediatamente dopo l&#8217;elaborazione. I dati potrebbero essere utilizzati per l&#8217;accertamento di responsabilit\u00e0 in caso di ipotetici reati informatici ai danni del Sito o di terzi.<\/p><p>\u00a0<\/p><ol><li><strong> Dati forniti volontariamente da\u00a0Lei \u2013 Dati Particolari<\/strong><\/li><\/ol><p>Salvo il richiamo a specifiche informative, la presente Privacy Policy si intende resa anche per il trattamento dei dati da Lei volontariamente forniti tramite<em>\u00a0<\/em>posta elettronica e\/o telefono e\/o tramite il form \u201cFidelity Card\u201d e\/o nella sezione \u201cContatti\u201d presenti all\u2019interno del Sito. A tal proposito La invitiamo a non comunicare informazioni che possano rientrare nel novero delle categorie particolari di dati personali di cui all\u2019art. 9 del GDPR (ad esempio, dati riferiti all\u2019origine razziale o etnica, alle opinioni politiche, alle convinzioni religiose o filosofiche, all\u2019appartenenza sindacale, alla vita\/orientamento sessuale nonch\u00e9 dati genetici, dati biometrici o dati relativi al\u00a0 Suo stato di salute),\u00a0salvo che non Le sia espressamente richiesto e previa specifica informativa ed eventuale consenso.<\/p><p>\u00a0<\/p><ol><li><strong> Dati\u00a0di terzi forniti volontariamente da\u00a0Lei<\/strong><\/li><\/ol><p>Nell&#8217;utilizzo di particolari servizi potrebbe verificarsi un trattamento di dati personali di terzi soggetti, da Lei comunicati all\u2019Impresa. Rispetto a queste ipotesi, Lei si pone come autonomo titolare del trattamento, assumendosi tutti gli obblighi e le responsabilit\u00e0 di legge. In tal senso, Lei conferisce sul punto la pi\u00f9 ampia manleva rispetto ad ogni contestazione, pretesa, richiesta di risarcimento del danno da trattamento, etc. che dovesse pervenire al Titolare del trattamento da terzi soggetti, i cui dati personali siano stati trattati attraverso il Suo utilizzo dei servizi del Sito in violazione delle norme sulla tutela dei dati personali applicabili. In ogni caso, qualora lei fornisca o in altro modo tratti dati personali di terzi nell&#8217;utilizzo del Sito, garantisce fin da ora &#8211; assumendosene ogni connessa responsabilit\u00e0 &#8211; che tale particolare ipotesi di trattamento si fonda sulla previa acquisizione &#8211; da parte Sua &#8211; del consenso del terzo al trattamento delle informazioni che lo riguardano ed alla loro diffusione e che detto trattamento da parte Sua avverr\u00e0 in conformit\u00e0 al GDPR.<\/p><p>\u00a0<\/p><ol><li><strong> Cookie<\/strong><\/li><\/ol><p>Le informazioni sui cookie serviti dal Sito sono disponibili al seguente indirizzo http:\/\/www.fornasieriabbigliamento.it\/content\/3-Cookies<\/p><p>\u00a0<\/p><ol start=\"3\"><li><strong> PER QUALE MOTIVO TRATTIAMO I SUOI DATI &#8211; FINALIT\u00c0\u00a0DEL TRATTAMENTO<\/strong><\/li><\/ol><p>I\u00a0Suoi dati personali verranno trattati, con il\u00a0Suo consenso ove necessario, per le seguenti finalit\u00e0, ove applicabili:<\/p><p><strong>3.1.<\/strong>\u00a0consentire la navigazione del Sito e l\u2019erogazione dei servizi dell\u2019Impresa tramite il Sito;<\/p><p><strong>3.2.<\/strong>\u00a0riscontrare specifiche richieste, anche telefoniche e\/o via email, rivolte\u00a0all\u2019Impresa;<\/p><p><strong>3.3.<\/strong>\u00a0adempiere ad eventuali obblighi previsti dalle leggi vigenti,\u00a0da regolamenti o dalla normativa comunitaria, o soddisfare richieste provenienti dalle autorit\u00e0;<\/p><p><strong>3.<\/strong><strong>4<\/strong>. esercitare i diritti del Titolare;<\/p><p><strong>3<\/strong>.<strong>5<\/strong>. adempiere ad obblighi contrattuali, precontrattuali derivanti dai rapporti con Lei in essere;<\/p><p><strong>3.6.<\/strong>\u00a0svolgere marketing diretto via email, posta, sms, qualora Lei abbia prestato il necessario consenso a ricevere tali comunicazioni e, quindi, inviarle materiale informativo\/promozionale\/commerciale inerente alle attivit\u00e0 e ai prodotti dell\u2019Impresa.<\/p><p>\u00a0<\/p><p>I\u00a0Suoi dati personali, anche\u00a0rientranti nel novero delle categorie particolari, saranno trattati con strumenti automatizzati e non.\u00a0<\/p><p>\u00a0<\/p><p>Specifiche misure di sicurezza sono osservate per prevenire la perdita dei dati, usi illeciti o non corretti ed accessi non autorizzati.<\/p><p>\u00a0<\/p><ol start=\"4\"><li><strong> BASE LEGALE E NATURA OBBLIGATORIA O\u00a0FACOLTATIVA DEL\u00a0TRATTAMENTO<\/strong><\/li><\/ol><p>La base legale del trattamento di\u00a0dati\u00a0personali per le finalit\u00e0 di\u00a0cui alla sezione 3.1\u00a0e 3.2\u00a0e 3.5. \u00e8 l\u2019art. 6(1)(b) del GDPR\u00a0<em>([\u2026]il trattamento \u00e8 necessario all&#8217;esecuzione di un contratto di cui l&#8217;interessato \u00e8 parte o all&#8217;esecuzione di misure precontrattuali adottate su richiesta dello stesso<\/em>), in\u00a0quanto i trattamenti sono necessari all&#8217;erogazione dei servizi. Il conferimento dei\u00a0dati\u00a0personali per queste finalit\u00e0 \u00e8 facoltativo,\u00a0ma l&#8217;eventuale mancato conferimento comporterebbe l&#8217;impossibilit\u00e0 di attivare i\u00a0servizi richiesti.\u00a0<\/p><p>\u00a0<\/p><p>La base legale per la finalit\u00e0 di cui alla sezione\u00a03.3\u00a0\u00e8 l\u2019art. 6(1)(c) del GDPR\u00a0(<em>[\u2026]il trattamento \u00e8 necessario per adempiere un obbligo legale al quale \u00e8 soggetto il titolare del trattamento<\/em>).\u00a0Una volta conferiti i\u00a0dati\u00a0personali,\u00a0infatti,\u00a0il trattamento \u00e8 invero necessario per adempiere ad\u00a0obblighi di legge a cui l\u2019Impresa \u00e8 soggetta.<\/p><p>\u00a0<\/p><p>La base legale per la finalit\u00e0 di cui alla sezione 3.4 \u00e8 l\u2019art. 6(1)(f) del GDPR (\u2026. <em>Il trattamento \u00e8 necessario per il perseguimento del legittimo interesse del titolare o di terzi, a condizione che non prevalgano gli interessi o i diritti o le libert\u00e0 fondamentali dell\u2019Interessato<\/em>\u2026), <strong>\u00a0<\/strong>al fine di accertare, esercitare o difendere un diritto in sede giudiziaria. Anche tale trattamento \u00e8 necessario in presenza dei suindicati requisiti.<\/p><p>\u00a0<\/p><p>La base legale per la finalit\u00e0 di cui alle sezioni 3.6 \u00e8 il rilascio del Suo consenso ai sensi dell\u2019art. 6(1)(a)\u00a0(<em>[\u2026] l&#8217;interessato ha espresso il consenso al trattamento dei propri dati personali per una o pi\u00f9 specifiche finalit\u00e0<\/em>)\u00a0e dell\u2019art. 22(2)(c) del GDPR. Il conferimento dei\u00a0Suoi\u00a0dati\u00a0personali per queste finalit\u00e0 \u00e8 quindi del tutto facoltativo e non pregiudica la fruizione dei\u00a0servizi. Qualora desiderasse opporsi al trattamento dei\u00a0Suoi dati per le finalit\u00e0 di marketing\u00a0potr\u00e0 in qualunque momento farlo contattando il\u00a0Titolare ai recapiti indicati nella sezione &#8220;Contatti&#8221; di questa informativa.\u00a0Si precisa che se il titolare del trattamento utilizza, a fini di vendita diretta di propri prodotti o servizi, le coordinate di posta elettronica fornite dall&#8217;interessato nel contesto della vendita di un prodotto o di un servizio, pu\u00f2 non richiedere il consenso dell&#8217;interessato, sempre che si tratti di servizi analoghi a quelli oggetto della vendita e l&#8217;interessato, adeguatamente informato, non rifiuti tale uso, inizialmente o in occasione di successive comunicazioni.\u00a0<\/p><p>\u00a0<\/p><ol start=\"5\"><li><strong> DESTINATARI\u00a0DEI DATI\u00a0PERSONALI<\/strong><\/li><\/ol><p>I\u00a0Suoi dati personali potranno essere condivisi,\u00a0per le finalit\u00e0 di cui alla sezione 3\u00a0della presente Privacy Policy, con:\u00a0<\/p><p>5.1.\u00a0soggetti che agiscono tipicamente in qualit\u00e0 di responsabili del trattamento, ossia:\u00a0i) persone, societ\u00e0 o studi professionali che prestano attivit\u00e0 di assistenza e consulenza all\u2019Impresa in materia contabile, amministrativa, legale, tributaria e\u00a0finanziaria o altra consulenza aziendale;\u00a0 ii) istituti di credito; iii) soggetti delegati a svolgere attivit\u00e0 di manutenzione\u00a0tecnica o informatica; iv) Cinevision S.r.l. in qualit\u00e0 di fornitrice del servizio di Smsmobile (collettivamente \u201c<strong>Destinatari<\/strong>\u201d);<\/p><p>\u00a05.2. soggetti, enti od autorit\u00e0 a cui sia obbligatorio comunicare i\u00a0Suoi dati personali in forza di disposizioni di legge o di ordini delle autorit\u00e0;<\/p><p>5.3. persone autorizzate dall\u2019Impresa al trattamento di\u00a0dati\u00a0personali necessario a svolgere attivit\u00e0 strettamente correlate all&#8217;erogazione dei\u00a0servizi, che si siano impegnate alla riservatezza o abbiano un adeguato\u00a0obbligo legale di riservatezza e che garantiscano il Trattamento dei Dati in conformit\u00e0 del GDPR.<\/p><p>\u00a0<\/p><ol start=\"6\"><li><strong> TRASFERIMENTI DEI DATI PERSONALI<\/strong><\/li><\/ol><p>I dati Personali sono conservati su server ubicati all\u2019interno dell\u2019Unione Europea. Resta in ogni caso inteso che il Titolare, ove si rendesse necessario avr\u00e0 facolt\u00e0 di spostare i server anche al di fuori dello Spazio Economico Europeo. In tal caso il Titolare assicura sin da ora che detto trasferimento avverr\u00e0 in conformit\u00e0 alla normativa applicabile basandosi su una decisione di adeguatezza o sulle Standard Contractual Clauses approvate dalla Commissione Europea. Maggiori informazioni sono disponibili\u00a0inviando una richiesta scritta\u00a0al Titolare\u00a0ai recapiti indicati nella sezione &#8220;Contatti&#8221; di questa informativa.\u00a0\u00a0<\/p><p>\u00a0<\/p><ol start=\"7\"><li><strong> CONSERVAZIONE DEI DATI PERSONALI<\/strong><\/li><\/ol><p>I\u00a0dati\u00a0personali trattati per le finalit\u00e0\u00a0di cui alla sezione 3 saranno conservati per il tempo strettamente necessario a raggiungere quelle stesse finalit\u00e0 nonch\u00e9, trattandosi di trattamenti svolti per la fornitura di servizi, sino al periodo di tempo previsto e ammesso\u00a0dalla normativa Italiana a tutela degli interessi e del diritto di difesa dell\u2019Impresa, avuto riguardo ai termini di prescrizione previsti dalla normativa applicabile.<\/p><p>Maggiori informazioni in merito al periodo di conservazione dei dati e ai criteri utilizzati per determinare tale periodo possono essere richieste\u00a0inviando una richiesta scritta\u00a0al Titolare\u00a0ai recapiti indicati nella sezione &#8220;Contatti&#8221; di questa informativa.\u00a0<\/p><p>\u00a0<\/p><ol start=\"8\"><li><strong>DIRITTI DELL\u2019INTERESSATO<\/strong><\/li><\/ol><p>Nella Sua qualit\u00e0 di Interessato, ai sensi degli artt. 15 e ss. del GDPR,\u00a0Lei ha il diritto di:<\/p><ol><li>ottenere la conferma dell\u2019esistenza o meno di dati personali che La riguardano, anche se non ancora registrati, e la loro comunicazione in forma intellegibile;<\/li><li>ottenere l\u2019indicazione: a) dell\u2019origine dei dati personali; b) delle finalit\u00e0 e modalit\u00e0 del trattamento; c) della logica applicata in caso di trattamento effettuato con l\u2019ausilio di strumenti elettronici; d) degli estremi identificativi del titolare, dei responsabili e del rappresentante designato ai sensi dell\u2019art.3, comma 1, del GDPR; e) dei soggetti o delle categorie di soggetti ai quali i dati personali possono essere comunicati o che possono venirne a conoscenza in qualit\u00e0 di rappresentante designato nel territorio dello Stato, di responsabili o incaricati;<\/li><\/ol><ul><li>ottenere: a) l\u2019aggiornamento, la rettifica ovvero, quando vi ha interesse, l\u2019integrazione dei dati; b) la cancellazione, la trasformazione in forma anonima o il blocco dei dati trattati in violazione di legge, compresi quelli di cui non \u00e8 necessaria la conservazione in relazione agli scopi per i quali i dati sono stati raccolti o successivamente trattati; c) l\u2019attestazione che le operazioni di cui alle lettere a) e b) sono state portate a conoscenza, anche per quanto riguarda il loro contenuto, di coloro ai quali i dati sono stati comunicati o diffusi, eccettuato il caso in cui tale adempimento si rivela impossibile o comporta un impiego di mezzi manifestamente sproporzionato rispetto al diritto tutelato;<\/li><\/ul><ol><li>opporsi, in tutto o in parte: a) al trattamento dei dati personali che La riguardano, ancorch\u00e9 pertinenti allo scopo della raccolta; b) al trattamento di dati personali che La riguardano a fini di invio di materiale pubblicitario o di vendita diretta o per il compimento di ricerche di mercato o di comunicazione commerciale, mediante l\u2019uso di sistemi automatizzati di chiamata senza l\u2019intervento di un operatore mediante e-mail e\/o mediante modalit\u00e0 di marketing tradizionali mediante telefono e\/o posta cartacea, Si fa presente che il diritto di opposizione dell\u2019interessato, esposto al precedente punto b), per finalit\u00e0 di marketing diretto mediante modalit\u00e0 automatizzate si estende a quelle tradizionali e che comunque resta salva la possibilit\u00e0 per l\u2019interessato di esercitare il diritto di opposizione anche solo in parte. Pertanto, l\u2019interessato pu\u00f2 decidere di ricevere solo comunicazioni mediante modalit\u00e0 tradizionali ovvero solo comunicazioni automatizzate oppure nessuna delle due tipologie di comunicazione.<\/li><\/ol><p>Ove applicabili, ha altres\u00ec i diritti di cui agli artt. 16 \u2013 22 del GDPR (Diritto di rettifica, diritto all\u2019oblio, diritto di limitazione di trattamento, diritto alla portabilit\u00e0 dei dati, diritto di opposizione, diritto di opporsi al trattamento automatizzato, compresa la profilazione).<\/p><p>Le richieste vanno rivolte per iscritto\u00a0al Titolare\u00a0ai recapiti indicati nella sezione &#8220;Contatti&#8221; di questa informativa.<\/p><p>\u00a0<\/p><p>In ogni caso\u00a0Lei ha sempre diritto di proporre reclamo all&#8217;autorit\u00e0 di controllo competente (Garante per la\u00a0protezione dei\u00a0dati\u00a0personali), ai sensi dell&#8217;art. 77 del GDPR, qualora ritenga che il trattamento dei\u00a0Suoi dati sia contrario alla normativa in vigore.<\/p><p>\u00a0<strong>\u00a0<\/strong><\/p><ol start=\"9\"><li><strong> MODIFICHE<\/strong><\/li><\/ol><p>L\u2019Impresa si riserva di modificare o semplicemente aggiornare il contenuto\u00a0della presente Privacy Policy, in parte o completamente, anche a causa di variazioni della normativa applicabile.\u00a0In tal caso tali variazioni saranno vincolanti non appena pubblicate sul Sito. L\u2019Impresa La invita quindi a visitare con regolarit\u00e0 questa sezione per prendere cognizione della pi\u00f9 recente ed aggiornata versione della\u00a0Privacy\u00a0Policy in modo da essere sempre aggiornato sui dati raccolti e sull\u2019uso che ne fa\u00a0il Titolare.<\/p><p>\u00a0<\/p><ol start=\"10\"><li><strong>CONTATTI<\/strong><\/li><\/ol><p>Per esercitare i\u00a0diritti\u00a0di cui sopra\u00a0o per qualunque altra richiesta pu\u00f2 scrivere al Titolare del trattamento: Alfonso Fornasieri, in qualit\u00e0 di titolare dell\u2019omonima impresa individuale, P.IVA 07321570017, corrente in Corso Peschiera n. 291\/H, Torino, che si occupa di commercio al dettaglio di abbigliamento, email <a href=\"mailto:amministrazione@fornasieriabbigliamento.it\">amministrazione@fornasieriabbigliamento.it<\/a><\/p>\t\t\t\t\t<\/div>\n\t\t\t\t\t\t<\/div>\n\t\t\t\t<\/div>\n\t\t\t\t\t\t<\/div>\n\t\t\t\t\t<\/div>\n\t\t<\/div>\n\t\t\t\t\t\t\t\t<\/div>\n\t\t\t\t\t<\/div>\n\t\t<\/section>\n\t\t\t\t\t\t\t\t\t<\/div>\n\t\t\t<\/div>\n\t\t\t\t\t<\/div>\n\t\t","protected":false},"excerpt":{"rendered":"<p>PRIVACY POLICY \u00a0 Informativa sul trattamento dei dati personali ai sensi dell\u2019art. 13 e ss. del Regolamento UE 679\/2016 \u00a0 \u00a0 Alfonso Fornasieri, in qualit\u00e0 di Titolare del trattamento (d\u2019ora in avanti anche: \u201cTitolare\u201d o \u201cImpresa\u201d) ai sensi del\u00a0Regolamento UE\u00a0679\/2016\u00a0(d\u2019ora in avanti: \u201cGDPR\u201d) e del D.lgs. 196\/2003 e ss.mm. (d\u2019ora in avanti \u201cCodice Privacy\u201d) \u2013&hellip;<\/p>\n","protected":false},"author":1,"featured_media":0,"parent":0,"menu_order":0,"comment_status":"closed","ping_status":"closed","template":"","meta":{"footnotes":""},"_links":{"self":[{"href":"https:\/\/fornasieriabbigliamento.it\/ak\/wp-json\/wp\/v2\/pages\/391"}],"collection":[{"href":"https:\/\/fornasieriabbigliamento.it\/ak\/wp-json\/wp\/v2\/pages"}],"about":[{"href":"https:\/\/fornasieriabbigliamento.it\/ak\/wp-json\/wp\/v2\/types\/page"}],"author":[{"embeddable":true,"href":"https:\/\/fornasieriabbigliamento.it\/ak\/wp-json\/wp\/v2\/users\/1"}],"replies":[{"embeddable":true,"href":"https:\/\/fornasieriabbigliamento.it\/ak\/wp-json\/wp\/v2\/comments?post=391"}],"version-history":[{"count":2,"href":"https:\/\/fornasieriabbigliamento.it\/ak\/wp-json\/wp\/v2\/pages\/391\/revisions"}],"predecessor-version":[{"id":393,"href":"https:\/\/fornasieriabbigliamento.it\/ak\/wp-json\/wp\/v2\/pages\/391\/revisions\/393"}],"wp:attachment":[{"href":"https:\/\/fornasieriabbigliamento.it\/ak\/wp-json\/wp\/v2\/media?parent=391"}],"curies":[{"name":"wp","href":"https:\/\/api.w.org\/{rel}","templated":true}]}}